{"id":13627,"date":"2026-04-11T04:31:46","date_gmt":"2026-04-11T04:31:46","guid":{"rendered":"https:\/\/buyandsellboy.shop\/?post_type=product&#038;p=13627"},"modified":"2026-04-11T05:36:18","modified_gmt":"2026-04-11T05:36:18","slug":"iluminashop-ventilador-de-techo-con-luz-led-white-olga-mando-a-distancia-motor-dc-6-velocidades-silencioso-aspas-retractiles-funcion-verano-invierno-temporizador-cct","status":"publish","type":"product","link":"https:\/\/buyandsellboy.shop\/es\/producto\/iluminashop-ventilador-de-techo-con-luz-led-white-olga-mando-a-distancia-motor-dc-6-velocidades-silencioso-aspas-retractiles-funcion-verano-invierno-temporizador-cct\/","title":{"rendered":"Iluminashop &#8211; Ventilador de Techo con luz Led White Olga, Mando a Distancia, Motor DC, 6 velocidades, Silencioso, Aspas retr\u00e1ctiles, funci\u00f3n verano-invierno, temporizador, CCT"},"content":{"rendered":"<div data-elementor-type=\"product-post\" data-elementor-id=\"13627\" class=\"elementor elementor-13627\" data-elementor-post-type=\"product\">\n\t\t\t\t<div class=\"elementor-element elementor-element-45966d1d e-flex e-con-boxed e-con e-parent\" data-id=\"45966d1d\" data-element_type=\"container\" data-settings=\"{&quot;ekit_has_onepagescroll_dot&quot;:&quot;yes&quot;}\">\n\t\t\t\t\t<div class=\"e-con-inner\">\n\t\t\t\t<div class=\"elementor-element elementor-element-7538d286 elementor-widget elementor-widget-image\" data-id=\"7538d286\" data-element_type=\"widget\" data-settings=\"{&quot;ekit_we_effect_on&quot;:&quot;none&quot;}\" data-widget_type=\"image.default\">\n\t\t\t\t<div class=\"elementor-widget-container\">\n\t\t\t\t\t\t\t\t\t\t\t\t\t\t\t<img loading=\"lazy\" decoding=\"async\" width=\"1500\" height=\"1500\" src=\"https:\/\/buyandsellboy.shop\/wp-content\/uploads\/2026\/04\/61gH4OjjShL._AC_SL1500_-1.jpg\" class=\"attachment-full size-full wp-image-13633 wvs-archive-product-image\" alt=\"\" srcset=\"https:\/\/buyandsellboy.shop\/wp-content\/uploads\/2026\/04\/61gH4OjjShL._AC_SL1500_-1.jpg 1500w, https:\/\/buyandsellboy.shop\/wp-content\/uploads\/2026\/04\/61gH4OjjShL._AC_SL1500_-1-300x300.jpg 300w, https:\/\/buyandsellboy.shop\/wp-content\/uploads\/2026\/04\/61gH4OjjShL._AC_SL1500_-1-1024x1024.jpg 1024w, https:\/\/buyandsellboy.shop\/wp-content\/uploads\/2026\/04\/61gH4OjjShL._AC_SL1500_-1-150x150.jpg 150w, https:\/\/buyandsellboy.shop\/wp-content\/uploads\/2026\/04\/61gH4OjjShL._AC_SL1500_-1-768x768.jpg 768w, https:\/\/buyandsellboy.shop\/wp-content\/uploads\/2026\/04\/61gH4OjjShL._AC_SL1500_-1-12x12.jpg 12w, https:\/\/buyandsellboy.shop\/wp-content\/uploads\/2026\/04\/61gH4OjjShL._AC_SL1500_-1-600x600.jpg 600w, https:\/\/buyandsellboy.shop\/wp-content\/uploads\/2026\/04\/61gH4OjjShL._AC_SL1500_-1-100x100.jpg 100w, https:\/\/buyandsellboy.shop\/wp-content\/uploads\/2026\/04\/61gH4OjjShL._AC_SL1500_-1-50x50.jpg 50w, https:\/\/buyandsellboy.shop\/wp-content\/uploads\/2026\/04\/61gH4OjjShL._AC_SL1500_-1-1x1.jpg 1w, https:\/\/buyandsellboy.shop\/wp-content\/uploads\/2026\/04\/61gH4OjjShL._AC_SL1500_-1-10x10.jpg 10w\" sizes=\"auto, (max-width: 1500px) 100vw, 1500px\" \/>\t\t\t\t\t\t\t\t\t\t\t\t\t\t\t<\/div>\n\t\t\t\t<\/div>\n\t\t\t\t<div class=\"elementor-element elementor-element-1aed73ab elementor-widget elementor-widget-text-editor\" data-id=\"1aed73ab\" data-element_type=\"widget\" data-settings=\"{&quot;ekit_we_effect_on&quot;:&quot;none&quot;}\" data-widget_type=\"text-editor.default\">\n\t\t\t\t<div class=\"elementor-widget-container\">\n\t\t\t\t\t\t\t\t\t<ul class=\"a-unordered-list a-vertical a-spacing-mini\"><li class=\"a-spacing-mini\"><span class=\"a-list-item\">Leise: Ledme stellt Deckenventilator mit DC-Motor her, die dazu beitragen, dass wir keine Motorger\u00e4usche haben und einen ultra-leisen L\u00fcfter genie\u00dfen k\u00f6nnen.<\/span><\/li><li class=\"a-spacing-mini\"><span class=\"a-list-item\">6 Geschwindigkeiten: Verf\u00fcgt \u00fcber einen DC-Motor aus Kupfer, der ein effizienteres Produkt f\u00f6rdert.<\/span><\/li><li class=\"a-spacing-mini\"><span class=\"a-list-item\">\u2705 \u3010Dimmbares LED-Licht\u3011Ledme stellt Deckenventilator mit LED-Licht her, mit der Fernbedienung erm\u00f6glicht es uns, den Farbtemperaturton zu \u00e4ndern (2700 K &#8220;warmes Licht&#8221;, 4000 K &#8220;nat\u00fcrliches Licht&#8221; oder 6000 K &#8220;kaltes Licht&#8221;), so dass wir uns an die gew\u00fcnschte Farbe der Temperatur anpassen k\u00f6nnen.<\/span><\/li><li class=\"a-spacing-mini\"><span class=\"a-list-item\">\u2705 \u3010Ausklappbarer Fl\u00fcgelventilator\u3011Dank der ausklappbaren Fl\u00fcgel k\u00f6nnen wir die Fl\u00fcgel verstecken, so dass Sie einen dekorativeren Ventilator haben, indem Sie die M\u00f6glichkeit haben, sie zu verstecken. Sobald wir den Ventilatormodus verwenden m\u00f6chten, entfalten sich die Fl\u00fcgel f\u00fcr einen angenehmen und k\u00fchlen Moment.<\/span><\/li><li class=\"a-spacing-mini\"><span class=\"a-list-item\">\u2705 Qualitativ hochwertig<\/span><\/li><\/ul>\t\t\t\t\t\t\t\t<\/div>\n\t\t\t\t<\/div>\n\t\t\t\t<div class=\"elementor-element elementor-element-790eed0 elementor-widget elementor-widget-image\" data-id=\"790eed0\" data-element_type=\"widget\" data-settings=\"{&quot;ekit_we_effect_on&quot;:&quot;none&quot;}\" data-widget_type=\"image.default\">\n\t\t\t\t<div class=\"elementor-widget-container\">\n\t\t\t\t\t\t\t\t\t\t\t\t\t\t\t<img loading=\"lazy\" decoding=\"async\" width=\"1399\" height=\"1026\" src=\"https:\/\/buyandsellboy.shop\/wp-content\/uploads\/2026\/04\/51B5cT9L3LL._AC_SL1500_-1.jpg\" class=\"attachment-full size-full wp-image-13634 wvs-archive-product-image\" alt=\"\" srcset=\"https:\/\/buyandsellboy.shop\/wp-content\/uploads\/2026\/04\/51B5cT9L3LL._AC_SL1500_-1.jpg 1399w, https:\/\/buyandsellboy.shop\/wp-content\/uploads\/2026\/04\/51B5cT9L3LL._AC_SL1500_-1-300x220.jpg 300w, https:\/\/buyandsellboy.shop\/wp-content\/uploads\/2026\/04\/51B5cT9L3LL._AC_SL1500_-1-1024x751.jpg 1024w, https:\/\/buyandsellboy.shop\/wp-content\/uploads\/2026\/04\/51B5cT9L3LL._AC_SL1500_-1-768x563.jpg 768w, https:\/\/buyandsellboy.shop\/wp-content\/uploads\/2026\/04\/51B5cT9L3LL._AC_SL1500_-1-16x12.jpg 16w, https:\/\/buyandsellboy.shop\/wp-content\/uploads\/2026\/04\/51B5cT9L3LL._AC_SL1500_-1-600x440.jpg 600w, https:\/\/buyandsellboy.shop\/wp-content\/uploads\/2026\/04\/51B5cT9L3LL._AC_SL1500_-1-1x1.jpg 1w, https:\/\/buyandsellboy.shop\/wp-content\/uploads\/2026\/04\/51B5cT9L3LL._AC_SL1500_-1-10x7.jpg 10w\" sizes=\"auto, (max-width: 1399px) 100vw, 1399px\" \/>\t\t\t\t\t\t\t\t\t\t\t\t\t\t\t<\/div>\n\t\t\t\t<\/div>\n\t\t\t\t<div class=\"elementor-element elementor-element-22ca48dd elementor-widget elementor-widget-image\" data-id=\"22ca48dd\" data-element_type=\"widget\" data-settings=\"{&quot;ekit_we_effect_on&quot;:&quot;none&quot;}\" data-widget_type=\"image.default\">\n\t\t\t\t<div class=\"elementor-widget-container\">\n\t\t\t\t\t\t\t\t\t\t\t\t\t\t\t<img loading=\"lazy\" decoding=\"async\" width=\"1500\" height=\"1500\" src=\"https:\/\/buyandsellboy.shop\/wp-content\/uploads\/2026\/04\/713cPEVTIL._AC_SL1500_-1.jpg\" class=\"attachment-full size-full wp-image-13635 wvs-archive-product-image\" alt=\"\" srcset=\"https:\/\/buyandsellboy.shop\/wp-content\/uploads\/2026\/04\/713cPEVTIL._AC_SL1500_-1.jpg 1500w, https:\/\/buyandsellboy.shop\/wp-content\/uploads\/2026\/04\/713cPEVTIL._AC_SL1500_-1-300x300.jpg 300w, https:\/\/buyandsellboy.shop\/wp-content\/uploads\/2026\/04\/713cPEVTIL._AC_SL1500_-1-1024x1024.jpg 1024w, https:\/\/buyandsellboy.shop\/wp-content\/uploads\/2026\/04\/713cPEVTIL._AC_SL1500_-1-150x150.jpg 150w, https:\/\/buyandsellboy.shop\/wp-content\/uploads\/2026\/04\/713cPEVTIL._AC_SL1500_-1-768x768.jpg 768w, https:\/\/buyandsellboy.shop\/wp-content\/uploads\/2026\/04\/713cPEVTIL._AC_SL1500_-1-12x12.jpg 12w, https:\/\/buyandsellboy.shop\/wp-content\/uploads\/2026\/04\/713cPEVTIL._AC_SL1500_-1-600x600.jpg 600w, https:\/\/buyandsellboy.shop\/wp-content\/uploads\/2026\/04\/713cPEVTIL._AC_SL1500_-1-100x100.jpg 100w, https:\/\/buyandsellboy.shop\/wp-content\/uploads\/2026\/04\/713cPEVTIL._AC_SL1500_-1-50x50.jpg 50w, https:\/\/buyandsellboy.shop\/wp-content\/uploads\/2026\/04\/713cPEVTIL._AC_SL1500_-1-1x1.jpg 1w, https:\/\/buyandsellboy.shop\/wp-content\/uploads\/2026\/04\/713cPEVTIL._AC_SL1500_-1-10x10.jpg 10w\" sizes=\"auto, (max-width: 1500px) 100vw, 1500px\" \/>\t\t\t\t\t\t\t\t\t\t\t\t\t\t\t<\/div>\n\t\t\t\t<\/div>\n\t\t\t\t<div class=\"elementor-element elementor-element-3a1720c9 elementor-widget elementor-widget-image\" data-id=\"3a1720c9\" data-element_type=\"widget\" data-settings=\"{&quot;ekit_we_effect_on&quot;:&quot;none&quot;}\" data-widget_type=\"image.default\">\n\t\t\t\t<div class=\"elementor-widget-container\">\n\t\t\t\t\t\t\t\t\t\t\t\t\t\t\t<img loading=\"lazy\" decoding=\"async\" width=\"1500\" height=\"1500\" src=\"https:\/\/buyandsellboy.shop\/wp-content\/uploads\/2026\/04\/61UssFVClxL._AC_SL1500_.jpg\" class=\"attachment-full size-full wp-image-13636 wvs-archive-product-image\" alt=\"\" srcset=\"https:\/\/buyandsellboy.shop\/wp-content\/uploads\/2026\/04\/61UssFVClxL._AC_SL1500_.jpg 1500w, https:\/\/buyandsellboy.shop\/wp-content\/uploads\/2026\/04\/61UssFVClxL._AC_SL1500_-300x300.jpg 300w, https:\/\/buyandsellboy.shop\/wp-content\/uploads\/2026\/04\/61UssFVClxL._AC_SL1500_-1024x1024.jpg 1024w, https:\/\/buyandsellboy.shop\/wp-content\/uploads\/2026\/04\/61UssFVClxL._AC_SL1500_-150x150.jpg 150w, https:\/\/buyandsellboy.shop\/wp-content\/uploads\/2026\/04\/61UssFVClxL._AC_SL1500_-768x768.jpg 768w, https:\/\/buyandsellboy.shop\/wp-content\/uploads\/2026\/04\/61UssFVClxL._AC_SL1500_-12x12.jpg 12w, https:\/\/buyandsellboy.shop\/wp-content\/uploads\/2026\/04\/61UssFVClxL._AC_SL1500_-600x600.jpg 600w, https:\/\/buyandsellboy.shop\/wp-content\/uploads\/2026\/04\/61UssFVClxL._AC_SL1500_-100x100.jpg 100w, https:\/\/buyandsellboy.shop\/wp-content\/uploads\/2026\/04\/61UssFVClxL._AC_SL1500_-50x50.jpg 50w, https:\/\/buyandsellboy.shop\/wp-content\/uploads\/2026\/04\/61UssFVClxL._AC_SL1500_-1x1.jpg 1w, https:\/\/buyandsellboy.shop\/wp-content\/uploads\/2026\/04\/61UssFVClxL._AC_SL1500_-10x10.jpg 10w\" sizes=\"auto, (max-width: 1500px) 100vw, 1500px\" \/>\t\t\t\t\t\t\t\t\t\t\t\t\t\t\t<\/div>\n\t\t\t\t<\/div>\n\t\t\t\t<div class=\"elementor-element elementor-element-7ecc74de elementor-widget elementor-widget-image\" data-id=\"7ecc74de\" data-element_type=\"widget\" data-settings=\"{&quot;ekit_we_effect_on&quot;:&quot;none&quot;}\" data-widget_type=\"image.default\">\n\t\t\t\t<div class=\"elementor-widget-container\">\n\t\t\t\t\t\t\t\t\t\t\t\t\t\t\t<img loading=\"lazy\" decoding=\"async\" width=\"1500\" height=\"1500\" src=\"https:\/\/buyandsellboy.shop\/wp-content\/uploads\/2026\/04\/619ENG38owL._AC_SL1500_.jpg\" class=\"attachment-full size-full wp-image-13637 wvs-archive-product-image\" alt=\"\" srcset=\"https:\/\/buyandsellboy.shop\/wp-content\/uploads\/2026\/04\/619ENG38owL._AC_SL1500_.jpg 1500w, https:\/\/buyandsellboy.shop\/wp-content\/uploads\/2026\/04\/619ENG38owL._AC_SL1500_-300x300.jpg 300w, https:\/\/buyandsellboy.shop\/wp-content\/uploads\/2026\/04\/619ENG38owL._AC_SL1500_-1024x1024.jpg 1024w, https:\/\/buyandsellboy.shop\/wp-content\/uploads\/2026\/04\/619ENG38owL._AC_SL1500_-150x150.jpg 150w, https:\/\/buyandsellboy.shop\/wp-content\/uploads\/2026\/04\/619ENG38owL._AC_SL1500_-768x768.jpg 768w, https:\/\/buyandsellboy.shop\/wp-content\/uploads\/2026\/04\/619ENG38owL._AC_SL1500_-12x12.jpg 12w, https:\/\/buyandsellboy.shop\/wp-content\/uploads\/2026\/04\/619ENG38owL._AC_SL1500_-600x600.jpg 600w, https:\/\/buyandsellboy.shop\/wp-content\/uploads\/2026\/04\/619ENG38owL._AC_SL1500_-100x100.jpg 100w, https:\/\/buyandsellboy.shop\/wp-content\/uploads\/2026\/04\/619ENG38owL._AC_SL1500_-50x50.jpg 50w, https:\/\/buyandsellboy.shop\/wp-content\/uploads\/2026\/04\/619ENG38owL._AC_SL1500_-1x1.jpg 1w, https:\/\/buyandsellboy.shop\/wp-content\/uploads\/2026\/04\/619ENG38owL._AC_SL1500_-10x10.jpg 10w\" sizes=\"auto, (max-width: 1500px) 100vw, 1500px\" \/>\t\t\t\t\t\t\t\t\t\t\t\t\t\t\t<\/div>\n\t\t\t\t<\/div>\n\t\t\t\t<div class=\"elementor-element elementor-element-14fd0324 elementor-widget elementor-widget-text-editor\" data-id=\"14fd0324\" data-element_type=\"widget\" data-settings=\"{&quot;ekit_we_effect_on&quot;:&quot;none&quot;}\" data-widget_type=\"text-editor.default\">\n\t\t\t\t<div class=\"elementor-widget-container\">\n\t\t\t\t\t\t\t\t\t<h3>\ud83d\udca1 Modern Ceiling Fan with LED Light<\/h3><div>\u00a0<\/div><div>Iluminashop White Olga LED ceiling fan combines efficient lighting and powerful cooling in one elegant design. Its clean white finish blends perfectly into any modern interior, bringing both style and comfort to your living room, bedroom or dining area.<\/div><div>\u00a0<\/div><h3>\ud83c\udf00 Quiet DC Motor &amp; 6 Speeds<\/h3><div>\u00a0<\/div><div>Powered by a high-performance <strong>DC motor<\/strong> that operates extremely quietly while offering <strong>6 adjustable speed levels<\/strong>. Enjoy personalized airflow with minimal noise, creating a calm and comfortable environment at any time of day.<\/div><div>\u00a0<\/div><h3>\ud83d\udee1\ufe0f Retractable Blades &amp; Summer-Winter Function<\/h3><div>\u00a0<\/div><div>Features <strong>retractable blades<\/strong> that expand when in use and fold away when idle for a sleek look. The dual <strong>summer-winter function<\/strong> optimizes air circulation year-round, keeping spaces cool in hot weather and distributing warm air in colder months.<\/div><div>\u00a0<\/div><h3>\u23f1\ufe0f Complete Smart Control<\/h3><div>\u00a0<\/div><div>Easily control everything with the included <strong>remote control<\/strong>. Adjust speeds, set the <strong>timer<\/strong>, switch lighting modes and manage <strong>CCT (colour temperature)<\/strong> effortlessly. Practical, functional and designed for modern, convenient living.<\/div>\t\t\t\t\t\t\t\t<\/div>\n\t\t\t\t<\/div>\n\t\t\t\t<div class=\"elementor-element elementor-element-7d16b38f elementor-widget elementor-widget-text-editor\" data-id=\"7d16b38f\" data-element_type=\"widget\" data-settings=\"{&quot;ekit_we_effect_on&quot;:&quot;none&quot;}\" data-widget_type=\"text-editor.default\">\n\t\t\t\t<div class=\"elementor-widget-container\">\n\t\t\t\t\t\t\t\t\t<!DOCTYPE html>\n<html lang=\"en\">\n<head>\n<meta charset=\"UTF-8\">\n<meta name=\"viewport\" content=\"width=device-width, initial-scale=1.0\">\n<title>Product Details<\/title>\n<style>\n  * {\n    margin: 0;\n    padding: 0;\n    box-sizing: border-box;\n  }\n  body {\n    background: transparent;\n    font-family: 'Inter', 'Segoe UI', system-ui, sans-serif;\n  }\n  .spec-table {\n    width: 100%;\n    border-collapse: collapse;\n    font-size: 14px;\n    line-height: 1.8;\n  }\n  .spec-table tr {\n    border-bottom: 1px solid #e6eef7;\n  }\n  .spec-table td:nth-child(1),\n  .spec-table td:nth-child(3) {\n    width: 20%;\n    font-weight: 500;\n    color: #2d70b3;\n    background: #f5f9ff;\n    padding: 12px 14px;\n    text-align: left;\n    vertical-align: top;\n  }\n  .spec-table td:nth-child(2),\n  .spec-table td:nth-child(4) {\n    width: 30%;\n    color: #333;\n    background: #fff;\n    padding: 12px 14px;\n    text-align: left;\n    vertical-align: top;\n  }\n<\/style>\n<\/head>\n<body>\n\n<table class=\"spec-table\">\n  <tr>\n    <td>Marca<\/td>\n    <td>Iluminashop<\/td>\n    <td>Model<\/td>\n    <td>White Olga<\/td>\n  <\/tr>\n  <tr>\n    <td>Type<\/td>\n    <td>Ceiling Fan with LED Light<\/td>\n    <td>Control<\/td>\n    <td>Remote Control<\/td>\n  <\/tr>\n  <tr>\n    <td>Motor<\/td>\n    <td>DC Motor<\/td>\n    <td>Speeds<\/td>\n    <td>6 Speed Levels<\/td>\n  <\/tr>\n  <tr>\n    <td>Feature<\/td>\n    <td>Silent Operation<\/td>\n    <td>Blades<\/td>\n    <td>Retractable Blades<\/td>\n  <\/tr>\n<\/table>\n\n<\/body>\n<\/html>\t\t\t\t\t\t\t\t<\/div>\n\t\t\t\t<\/div>\n\t\t\t\t\t<\/div>\n\t\t\t\t<\/div>\n\t\t\t\t<\/div>","protected":false},"excerpt":{"rendered":"<p>Leise: Ledme stellt Deckenventilator mit DC-Motor her, die dazu beitragen, dass wir keine Motorger\u00e4usche haben und einen ultra-leisen L\u00fcfter genie\u00dfen&#8230;<\/p>","protected":false},"featured_media":13628,"comment_status":"open","ping_status":"closed","template":"","meta":{"_acf_changed":false},"etheme_brands":[],"product_brand":[],"product_cat":[118],"product_tag":[],"class_list":{"0":"post-13627","1":"product","2":"type-product","3":"status-publish","4":"has-post-thumbnail","6":"product_cat-sale-shop","8":"first","9":"instock","10":"sale","11":"shipping-taxable","12":"purchasable","13":"product-type-simple"},"acf":[],"_links":{"self":[{"href":"https:\/\/buyandsellboy.shop\/es\/wp-json\/wp\/v2\/product\/13627","targetHints":{"allow":["GET"]}}],"collection":[{"href":"https:\/\/buyandsellboy.shop\/es\/wp-json\/wp\/v2\/product"}],"about":[{"href":"https:\/\/buyandsellboy.shop\/es\/wp-json\/wp\/v2\/types\/product"}],"replies":[{"embeddable":true,"href":"https:\/\/buyandsellboy.shop\/es\/wp-json\/wp\/v2\/comments?post=13627"}],"version-history":[{"count":4,"href":"https:\/\/buyandsellboy.shop\/es\/wp-json\/wp\/v2\/product\/13627\/revisions"}],"predecessor-version":[{"id":13645,"href":"https:\/\/buyandsellboy.shop\/es\/wp-json\/wp\/v2\/product\/13627\/revisions\/13645"}],"wp:featuredmedia":[{"embeddable":true,"href":"https:\/\/buyandsellboy.shop\/es\/wp-json\/wp\/v2\/media\/13628"}],"wp:attachment":[{"href":"https:\/\/buyandsellboy.shop\/es\/wp-json\/wp\/v2\/media?parent=13627"}],"wp:term":[{"taxonomy":"brand","embeddable":true,"href":"https:\/\/buyandsellboy.shop\/es\/wp-json\/wp\/v2\/etheme_brands?post=13627"},{"taxonomy":"product_brand","embeddable":true,"href":"https:\/\/buyandsellboy.shop\/es\/wp-json\/wp\/v2\/product_brand?post=13627"},{"taxonomy":"product_cat","embeddable":true,"href":"https:\/\/buyandsellboy.shop\/es\/wp-json\/wp\/v2\/product_cat?post=13627"},{"taxonomy":"product_tag","embeddable":true,"href":"https:\/\/buyandsellboy.shop\/es\/wp-json\/wp\/v2\/product_tag?post=13627"}],"curies":[{"name":"wp","href":"https:\/\/api.w.org\/{rel}","templated":true}]}}